{"id":120,"date":"2024-05-13T23:05:48","date_gmt":"2024-05-13T21:05:48","guid":{"rendered":"https:\/\/plusvert-toitures.fr\/?page_id=120"},"modified":"2024-05-16T16:21:18","modified_gmt":"2024-05-16T14:21:18","slug":"une-gestion-intelligente-de-leau","status":"publish","type":"page","link":"https:\/\/plusvert-toitures.fr\/?page_id=120","title":{"rendered":"Une gestion intelligente de l&#8217;eau"},"content":{"rendered":"\n<div class=\"wp-block-group alignfull has-accent-2-background-color has-background has-global-padding is-layout-constrained wp-container-core-group-is-layout-669513ed wp-block-group-is-layout-constrained\" style=\"margin-top:0;margin-bottom:0;padding-top:var(--wp--preset--spacing--50);padding-right:var(--wp--preset--spacing--50);padding-bottom:var(--wp--preset--spacing--50);padding-left:var(--wp--preset--spacing--50)\">\n<div class=\"wp-block-columns alignwide is-layout-flex wp-container-core-columns-is-layout-28f84493 wp-block-columns-is-layout-flex\">\n<div class=\"wp-block-column is-layout-flow wp-block-column-is-layout-flow\" style=\"flex-basis:60%\">\n<p class=\"has-heading-font-family has-x-large-font-size\" style=\"line-height:1.2\">En compl\u00e9ment de l&#8217;eau de pluie, nous proposons une gestion contr\u00f4l\u00e9e a distance afin de suivre les apports en eau.<\/p>\n<\/div>\n<\/div>\n\n\n\n<div style=\"height:var(--wp--preset--spacing--40)\" aria-hidden=\"true\" class=\"wp-block-spacer\"><\/div>\n\n\n\n<figure class=\"wp-block-image alignwide size-full is-style-rounded is-style-rounded--1\"><img loading=\"lazy\" decoding=\"async\" width=\"256\" height=\"290\" src=\"https:\/\/plusvert-toitures.fr\/wp-content\/uploads\/2024\/05\/Image-Irrigation-Hydrawise.jpeg\" alt=\"\" class=\"wp-image-121\"\/><\/figure>\n<\/div>\n\n\n\n<div class=\"wp-block-group alignfull has-base-background-color has-background has-global-padding is-layout-constrained wp-container-core-group-is-layout-d89aad35 wp-block-group-is-layout-constrained\" style=\"margin-top:0;margin-bottom:0;padding-top:var(--wp--preset--spacing--50);padding-right:var(--wp--preset--spacing--50);padding-bottom:var(--wp--preset--spacing--50);padding-left:var(--wp--preset--spacing--50)\">\n<div class=\"wp-block-columns alignwide is-layout-flex wp-container-core-columns-is-layout-549b0c86 wp-block-columns-is-layout-flex\">\n<div class=\"wp-block-column has-global-padding is-content-justification-left is-layout-constrained wp-container-core-column-is-layout-4f15e8fe wp-block-column-is-layout-constrained\" style=\"flex-basis:40%\"><\/div>\n\n\n\n<div class=\"wp-block-column is-layout-flow wp-container-core-column-is-layout-119bc444 wp-block-column-is-layout-flow\" style=\"flex-basis:60%\">\n<p class=\"has-heading-font-family has-x-large-font-size\" style=\"line-height:1.2\">Ce syst\u00e8me repose sur une sonde de niveau int\u00e9gr\u00e9e dans la couche de r\u00e9tention, un programmateur connect\u00e9, ainsi qu&#8217;une \u00e9lectrovanne install\u00e9e sur le r\u00e9seau.<\/p>\n<\/div>\n<\/div>\n<\/div>\n\n\n\n<div class=\"wp-block-group is-nowrap is-layout-flex wp-container-core-group-is-layout-6c531013 wp-block-group-is-layout-flex\">\n<figure class=\"wp-block-image size-full\"><img loading=\"lazy\" decoding=\"async\" width=\"673\" height=\"673\" src=\"https:\/\/plusvert-toitures.fr\/wp-content\/uploads\/2024\/05\/Sonde-de-niveau-deau-Rainup.png\" alt=\"\" class=\"wp-image-122\" srcset=\"https:\/\/plusvert-toitures.fr\/wp-content\/uploads\/2024\/05\/Sonde-de-niveau-deau-Rainup.png 673w, https:\/\/plusvert-toitures.fr\/wp-content\/uploads\/2024\/05\/Sonde-de-niveau-deau-Rainup-300x300.png 300w, https:\/\/plusvert-toitures.fr\/wp-content\/uploads\/2024\/05\/Sonde-de-niveau-deau-Rainup-150x150.png 150w\" sizes=\"auto, (max-width: 673px) 100vw, 673px\" \/><\/figure>\n<\/div>\n\n\n\n<p>Installation d&#8217;une sonde dans la couche de r\u00e9tention d&#8217;eau<\/p>\n\n\n\n<div class=\"wp-block-group is-nowrap is-layout-flex wp-container-core-group-is-layout-6c531013 wp-block-group-is-layout-flex\">\n<figure class=\"wp-block-image size-full\"><img loading=\"lazy\" decoding=\"async\" width=\"784\" height=\"591\" src=\"https:\/\/plusvert-toitures.fr\/wp-content\/uploads\/2024\/05\/ipad_screenshot_advanced_reports.jpeg\" alt=\"\" class=\"wp-image-123\" srcset=\"https:\/\/plusvert-toitures.fr\/wp-content\/uploads\/2024\/05\/ipad_screenshot_advanced_reports.jpeg 784w, https:\/\/plusvert-toitures.fr\/wp-content\/uploads\/2024\/05\/ipad_screenshot_advanced_reports-300x226.jpeg 300w, https:\/\/plusvert-toitures.fr\/wp-content\/uploads\/2024\/05\/ipad_screenshot_advanced_reports-768x579.jpeg 768w\" sizes=\"auto, (max-width: 784px) 100vw, 784px\" \/><\/figure>\n<\/div>\n\n\n\n<p>Suivi des quantit\u00e9s d&#8217;eau consomm\u00e9es<\/p>\n\n\n\n<figure class=\"wp-block-image size-full\"><img loading=\"lazy\" decoding=\"async\" width=\"834\" height=\"406\" src=\"https:\/\/plusvert-toitures.fr\/wp-content\/uploads\/2024\/05\/programmateur.jpeg\" alt=\"\" class=\"wp-image-124\" srcset=\"https:\/\/plusvert-toitures.fr\/wp-content\/uploads\/2024\/05\/programmateur.jpeg 834w, https:\/\/plusvert-toitures.fr\/wp-content\/uploads\/2024\/05\/programmateur-300x146.jpeg 300w, https:\/\/plusvert-toitures.fr\/wp-content\/uploads\/2024\/05\/programmateur-768x374.jpeg 768w\" sizes=\"auto, (max-width: 834px) 100vw, 834px\" \/><\/figure>\n\n\n\n<p>Gr\u00e2ce \u00e0 une synchronisation avec la m\u00e9t\u00e9o, le programmateur coupe l&#8217;irrigation en cas de pr\u00e9vision d&#8217;averses. <\/p>\n\n\n\n<div class=\"wp-block-group alignfull has-base-2-background-color has-background has-global-padding is-layout-constrained wp-container-core-group-is-layout-7cd14b77 wp-block-group-is-layout-constrained\" style=\"margin-top:0;margin-bottom:0;padding-top:var(--wp--preset--spacing--60);padding-right:var(--wp--preset--spacing--60);padding-bottom:var(--wp--preset--spacing--60);padding-left:var(--wp--preset--spacing--60)\">\n<div class=\"wp-block-group alignwide is-layout-flow wp-block-group-is-layout-flow\">\n<div style=\"height:var(--wp--preset--spacing--50)\" aria-hidden=\"true\" class=\"wp-block-spacer\"><\/div>\n\n\n\n<p class=\"has-text-align-center has-heading-font-family has-x-large-font-size\" style=\"font-style:normal;font-weight:400;line-height:1.2\"><\/p>\n\n\n\n<div style=\"height:var(--wp--preset--spacing--50)\" aria-hidden=\"true\" class=\"wp-block-spacer\"><\/div>\n<\/div>\n<\/div>\n\n\n","protected":false},"excerpt":{"rendered":"<p>En compl\u00e9ment de l&#8217;eau de pluie, nous proposons une gestion contr\u00f4l\u00e9e a distance afin de suivre les apports en eau. Ce syst\u00e8me repose sur une sonde de niveau int\u00e9gr\u00e9e dans la couche de r\u00e9tention, un programmateur connect\u00e9, ainsi qu&#8217;une \u00e9lectrovanne install\u00e9e sur le r\u00e9seau. Installation d&#8217;une sonde dans la couche de r\u00e9tention d&#8217;eau Suivi des [&hellip;]<\/p>\n","protected":false},"author":1,"featured_media":0,"parent":0,"menu_order":0,"comment_status":"closed","ping_status":"closed","template":"","meta":{"saved_in_kubio":false,"footnotes":""},"class_list":["post-120","page","type-page","status-publish","hentry"],"kubio_ai_page_context":{"short_desc":"","purpose":"general"},"_links":{"self":[{"href":"https:\/\/plusvert-toitures.fr\/index.php?rest_route=\/wp\/v2\/pages\/120","targetHints":{"allow":["GET"]}}],"collection":[{"href":"https:\/\/plusvert-toitures.fr\/index.php?rest_route=\/wp\/v2\/pages"}],"about":[{"href":"https:\/\/plusvert-toitures.fr\/index.php?rest_route=\/wp\/v2\/types\/page"}],"author":[{"embeddable":true,"href":"https:\/\/plusvert-toitures.fr\/index.php?rest_route=\/wp\/v2\/users\/1"}],"replies":[{"embeddable":true,"href":"https:\/\/plusvert-toitures.fr\/index.php?rest_route=%2Fwp%2Fv2%2Fcomments&post=120"}],"version-history":[{"count":3,"href":"https:\/\/plusvert-toitures.fr\/index.php?rest_route=\/wp\/v2\/pages\/120\/revisions"}],"predecessor-version":[{"id":310,"href":"https:\/\/plusvert-toitures.fr\/index.php?rest_route=\/wp\/v2\/pages\/120\/revisions\/310"}],"wp:attachment":[{"href":"https:\/\/plusvert-toitures.fr\/index.php?rest_route=%2Fwp%2Fv2%2Fmedia&parent=120"}],"curies":[{"name":"wp","href":"https:\/\/api.w.org\/{rel}","templated":true}]}}